{"id":96,"date":"2023-04-17T21:23:15","date_gmt":"2023-04-17T19:23:15","guid":{"rendered":"http:\/\/usytkrb.cluster029.hosting.ovh.net\/?page_id=96"},"modified":"2025-10-15T18:02:08","modified_gmt":"2025-10-15T16:02:08","slug":"activites-2","status":"publish","type":"page","link":"http:\/\/usytkrb.cluster029.hosting.ovh.net\/index.php\/activites-2\/","title":{"rendered":""},"content":{"rendered":"\n<div class=\"wp-block-buttons is-layout-flex wp-block-buttons-is-layout-flex\">\n<div class=\"wp-block-button\"><a class=\"wp-block-button__link wp-element-button\" href=\"http:\/\/usytkrb.cluster029.hosting.ovh.net\/index.php\/accueil-esf\">Accueil<\/a><\/div>\n\n\n\n<div class=\"wp-block-button\"><a class=\"wp-block-button__link wp-element-button\" href=\"http:\/\/usytkrb.cluster029.hosting.ovh.net\/index.php\/association\/\">L&#8217;association<\/a><\/div>\n\n\n\n<div class=\"wp-block-button\"><a class=\"wp-block-button__link wp-element-button\" href=\"http:\/\/usytkrb.cluster029.hosting.ovh.net\/index.php\/yoga\/\">Le yoga<\/a><\/div>\n\n\n\n<div class=\"wp-block-button\"><a class=\"wp-block-button__link wp-element-button\" href=\"http:\/\/usytkrb.cluster029.hosting.ovh.net\/index.php\/infos\/\">Infos pratiques<\/a><\/div>\n<\/div>\n\n\n\n<p class=\"has-text-align-center\"><strong><em>Cours Yoga adulte hebdomadaire (1h30)<\/em><\/strong><\/p>\n\n\n\n<p class=\"has-text-align-center\">6 cours r\u00e9partis en 3 niveaux croissants :<\/p>\n\n\n\n<p class=\"has-text-align-center\"><em>D\u00e9tente &gt; \u00c9quilibre &gt; \u00c9nergie<\/em><\/p>\n\n\n\n<div class=\"wp-block-columns is-layout-flex wp-container-core-columns-is-layout-28f84493 wp-block-columns-is-layout-flex\">\n<div class=\"wp-block-column is-layout-flow wp-block-column-is-layout-flow\">\n<p>Le niveau&nbsp;<em>D\u00e9tente<\/em>&nbsp;est le moins pouss\u00e9, au rythme tranquille et relaxant, adapt\u00e9 entre autres aux personnes ayant des difficult\u00e9s physiques.<\/p>\n<\/div>\n\n\n\n<div class=\"wp-block-column is-layout-flow wp-block-column-is-layout-flow\">\n<p>Le niveau&nbsp;<em>Equilibre<\/em>&nbsp;est interm\u00e9diaire, procurant un \u00e9tat de relaxation et favorisant un bon entretien physique.<\/p>\n<\/div>\n\n\n\n<div class=\"wp-block-column is-layout-flow wp-block-column-is-layout-flow\">\n<p>Le niveau&nbsp;<em>Energie<\/em>&nbsp;est le plus pouss\u00e9, va plus loin dans les encha\u00eenements et dans les postures pratiqu\u00e9es dans une approche m\u00e9ditative.<\/p>\n<\/div>\n<\/div>\n\n\n\n<hr class=\"wp-block-separator has-alpha-channel-opacity\"\/>\n\n\n\n<p class=\"has-text-align-center\"><strong><em>S\u00e9ance M\u00e9ditation hebdomadaire&nbsp;<\/em><\/strong><em>(<\/em>1 h )<\/p>\n\n\n\n<p>Pr\u00e9paration du corps, m\u00e9ditation assise et ou marche m\u00e9ditative, exercices pratiques de pleine conscience<\/p>\n\n\n\n<p class=\"has-text-align-center\">R\u00e9serv\u00e9 aux adh\u00e9rents.<\/p>\n\n\n\n<hr class=\"wp-block-separator has-alpha-channel-opacity\"\/>\n\n\n\n<p class=\"has-text-align-center\"><strong><em>Approfondissements trimestriels<\/em><\/strong><\/p>\n\n\n\n<p>Deux samedis matins (3h) et un week-end avec une formatrice de l\u2019Ecole Fran\u00e7aise de Yoga de Paris<\/p>\n\n\n\n<p>(Ouvert aux adh\u00e9rents et \u00e0 toute personne ext\u00e9rieure \u00e0 l\u2019association ayant au minimum deux ans de pratique de yoga)<\/p>\n\n\n\n<hr class=\"wp-block-separator has-alpha-channel-opacity\"\/>\n\n\n\n<p class=\"has-text-align-center\"><strong><em><br>Ateliers d\u2019\u00e9t\u00e9<\/em><\/strong><\/p>\n\n\n\n<p>Les ateliers d\u2019\u00e9t\u00e9 ont pour objectif de garder le fil avec la pratique du yoga pendant la p\u00e9riode estivale ou bien de la d\u00e9couvrir. Ouvert \u00e0 tous. Ils sont pratiqu\u00e9s en plein air \u00e0 Falaise.<\/p>\n\n\n\n<figure class=\"wp-block-image size-full\"><img loading=\"lazy\" decoding=\"async\" width=\"1024\" height=\"681\" src=\"http:\/\/usytkrb.cluster029.hosting.ovh.net\/wp-content\/uploads\/2023\/04\/3fe284a77301ea7047797c9c40b37421.jpg\" alt=\"\" class=\"wp-image-17\" srcset=\"http:\/\/usytkrb.cluster029.hosting.ovh.net\/wp-content\/uploads\/2023\/04\/3fe284a77301ea7047797c9c40b37421.jpg 1024w, http:\/\/usytkrb.cluster029.hosting.ovh.net\/wp-content\/uploads\/2023\/04\/3fe284a77301ea7047797c9c40b37421-300x200.jpg 300w, http:\/\/usytkrb.cluster029.hosting.ovh.net\/wp-content\/uploads\/2023\/04\/3fe284a77301ea7047797c9c40b37421-768x511.jpg 768w\" sizes=\"auto, (max-width: 1024px) 100vw, 1024px\" \/><\/figure>\n\n\n\n<hr class=\"wp-block-separator has-alpha-channel-opacity\"\/>\n\n\n\n<p class=\"has-text-align-center\"><strong><em>Vie associative et \u00e9v\u00e9nements<\/em><\/strong><\/p>\n\n\n\n<p><strong><em>Diwali&nbsp;<\/em><\/strong>: f\u00eate de la lumi\u00e8re indienne annuelle, \u00e0 l\u2019automne et \u00e0 date variable.<\/p>\n\n\n\n<p>L\u2019association se r\u00e9unit pour f\u00eater cette f\u00eate indienne et en profite pour organiser l\u2019Assembl\u00e9e G\u00e9n\u00e9rale.<\/p>\n\n\n\n<figure class=\"wp-block-image aligncenter size-full\"><img loading=\"lazy\" decoding=\"async\" width=\"416\" height=\"300\" src=\"http:\/\/usytkrb.cluster029.hosting.ovh.net\/wp-content\/uploads\/2023\/04\/fd0ff09e7f4053e16c5c8fb63937419d.jpg\" alt=\"\" class=\"wp-image-38\" srcset=\"http:\/\/usytkrb.cluster029.hosting.ovh.net\/wp-content\/uploads\/2023\/04\/fd0ff09e7f4053e16c5c8fb63937419d.jpg 416w, http:\/\/usytkrb.cluster029.hosting.ovh.net\/wp-content\/uploads\/2023\/04\/fd0ff09e7f4053e16c5c8fb63937419d-300x216.jpg 300w\" sizes=\"auto, (max-width: 416px) 100vw, 416px\" \/><\/figure>\n\n\n\n<hr class=\"wp-block-separator has-alpha-channel-opacity\"\/>\n\n\n\n<p class=\"has-text-align-center\"><strong><em>F\u00eate du yoga<\/em><\/strong><\/p>\n\n\n\n<p>C\u00e9l\u00e9bration de la Journ\u00e9e internationale du Yoga institu\u00e9e le 21 juin par l\u2019Unesco depuis 2014. Cette journ\u00e9e a \u00e9t\u00e9 \u00e9tablie pour rendre hommage au yoga, source de grands bienfaits pour l\u2019individu.<\/p>\n\n\n\n<p>Procurant la paix int\u00e9rieure, il participe \u00e0 la paix dans le monde.<\/p>\n\n\n\n<figure class=\"wp-block-image size-full is-resized\"><img loading=\"lazy\" decoding=\"async\" width=\"940\" height=\"788\" src=\"http:\/\/usytkrb.cluster029.hosting.ovh.net\/wp-content\/uploads\/2023\/07\/seance-decouverte-1.jpg\" alt=\"\" class=\"wp-image-250\" style=\"width:650px;height:544px\" srcset=\"http:\/\/usytkrb.cluster029.hosting.ovh.net\/wp-content\/uploads\/2023\/07\/seance-decouverte-1.jpg 940w, http:\/\/usytkrb.cluster029.hosting.ovh.net\/wp-content\/uploads\/2023\/07\/seance-decouverte-1-300x251.jpg 300w, http:\/\/usytkrb.cluster029.hosting.ovh.net\/wp-content\/uploads\/2023\/07\/seance-decouverte-1-768x644.jpg 768w\" sizes=\"auto, (max-width: 940px) 100vw, 940px\" \/><\/figure>\n\n\n\n<figure class=\"wp-block-image size-large\"><img loading=\"lazy\" decoding=\"async\" width=\"1024\" height=\"768\" src=\"http:\/\/usytkrb.cluster029.hosting.ovh.net\/wp-content\/uploads\/2023\/07\/seance-decouverte-2-1024x768.jpg\" alt=\"\" class=\"wp-image-251\" srcset=\"http:\/\/usytkrb.cluster029.hosting.ovh.net\/wp-content\/uploads\/2023\/07\/seance-decouverte-2-1024x768.jpg 1024w, http:\/\/usytkrb.cluster029.hosting.ovh.net\/wp-content\/uploads\/2023\/07\/seance-decouverte-2-300x225.jpg 300w, http:\/\/usytkrb.cluster029.hosting.ovh.net\/wp-content\/uploads\/2023\/07\/seance-decouverte-2-768x576.jpg 768w, http:\/\/usytkrb.cluster029.hosting.ovh.net\/wp-content\/uploads\/2023\/07\/seance-decouverte-2-1536x1152.jpg 1536w, http:\/\/usytkrb.cluster029.hosting.ovh.net\/wp-content\/uploads\/2023\/07\/seance-decouverte-2.jpg 2048w\" sizes=\"auto, (max-width: 1024px) 100vw, 1024px\" \/><\/figure>\n","protected":false},"excerpt":{"rendered":"<p>Cours Yoga adulte hebdomadaire (1h30) 6 cours r\u00e9partis en 3 niveaux croissants : D\u00e9tente &gt; \u00c9quilibre &gt; \u00c9nergie Le niveau&nbsp;D\u00e9tente&nbsp;est le moins pouss\u00e9, au rythme tranquille et relaxant, adapt\u00e9 entre autres aux personnes ayant des difficult\u00e9s physiques. Le niveau&nbsp;Equilibre&nbsp;est interm\u00e9diaire, procurant un \u00e9tat de relaxation et favorisant un bon entretien physique. Le niveau&nbsp;Energie&nbsp;est le plus [&hellip;]<\/p>\n","protected":false},"author":1,"featured_media":262,"parent":0,"menu_order":0,"comment_status":"closed","ping_status":"closed","template":"","meta":{"footnotes":""},"class_list":["post-96","page","type-page","status-publish","has-post-thumbnail","hentry"],"_links":{"self":[{"href":"http:\/\/usytkrb.cluster029.hosting.ovh.net\/index.php\/wp-json\/wp\/v2\/pages\/96","targetHints":{"allow":["GET"]}}],"collection":[{"href":"http:\/\/usytkrb.cluster029.hosting.ovh.net\/index.php\/wp-json\/wp\/v2\/pages"}],"about":[{"href":"http:\/\/usytkrb.cluster029.hosting.ovh.net\/index.php\/wp-json\/wp\/v2\/types\/page"}],"author":[{"embeddable":true,"href":"http:\/\/usytkrb.cluster029.hosting.ovh.net\/index.php\/wp-json\/wp\/v2\/users\/1"}],"replies":[{"embeddable":true,"href":"http:\/\/usytkrb.cluster029.hosting.ovh.net\/index.php\/wp-json\/wp\/v2\/comments?post=96"}],"version-history":[{"count":23,"href":"http:\/\/usytkrb.cluster029.hosting.ovh.net\/index.php\/wp-json\/wp\/v2\/pages\/96\/revisions"}],"predecessor-version":[{"id":393,"href":"http:\/\/usytkrb.cluster029.hosting.ovh.net\/index.php\/wp-json\/wp\/v2\/pages\/96\/revisions\/393"}],"wp:featuredmedia":[{"embeddable":true,"href":"http:\/\/usytkrb.cluster029.hosting.ovh.net\/index.php\/wp-json\/wp\/v2\/media\/262"}],"wp:attachment":[{"href":"http:\/\/usytkrb.cluster029.hosting.ovh.net\/index.php\/wp-json\/wp\/v2\/media?parent=96"}],"curies":[{"name":"wp","href":"https:\/\/api.w.org\/{rel}","templated":true}]}}