{"id":2,"date":"2023-04-05T13:45:36","date_gmt":"2023-04-05T11:45:36","guid":{"rendered":"http:\/\/usytkrb.cluster029.hosting.ovh.net\/?page_id=2"},"modified":"2026-04-01T16:48:38","modified_gmt":"2026-04-01T14:48:38","slug":"accueil-esf","status":"publish","type":"page","link":"http:\/\/usytkrb.cluster029.hosting.ovh.net\/index.php\/accueil-esf\/","title":{"rendered":""},"content":{"rendered":"\n<p><\/p>\n\n\n\n<div class=\"wp-block-buttons is-layout-flex wp-block-buttons-is-layout-flex\">\n<div class=\"wp-block-button\"><a class=\"wp-block-button__link wp-element-button\" href=\"http:\/\/usytkrb.cluster029.hosting.ovh.net\/index.php\/association\/\">L&#8217;association<\/a><\/div>\n\n\n\n<div class=\"wp-block-button\"><a class=\"wp-block-button__link wp-element-button\" href=\"http:\/\/usytkrb.cluster029.hosting.ovh.net\/index.php\/yoga\/\">Le yoga<\/a><\/div>\n\n\n\n<div class=\"wp-block-button\"><a class=\"wp-block-button__link wp-element-button\" href=\"http:\/\/usytkrb.cluster029.hosting.ovh.net\/index.php\/activites-2\/\">Activit\u00e9<\/a><\/div>\n\n\n\n<div class=\"wp-block-button\"><a class=\"wp-block-button__link wp-element-button\" href=\"http:\/\/usytkrb.cluster029.hosting.ovh.net\/index.php\/infos-pratiques\/\">Infos pratiques<\/a><\/div>\n<\/div>\n\n\n\n<p><\/p>\n\n\n\n<p class=\"has-text-align-center\" id=\"block-8908c2e4-57d0-4b25-a975-3eeb1f495b99\"><strong>NAMASTE !&nbsp;<\/strong><\/p>\n\n\n\n<p class=\"has-text-align-center\" id=\"block-2e9961a2-8514-4f2b-8dd8-d8593006fd66\"><strong>Bienvenue sur le site de l\u2019ESF Yoga !<\/strong><\/p>\n\n\n\n<p id=\"block-ad04c56c-ff5d-4384-9403-743da36fabc1\"><strong>Nous vous accueillons chaleureusement et nous vous convions<\/strong>\u00a0<strong>\u00e0 la d\u00e9couverte de nos activit\u00e9s<\/strong>.\u00a0<strong>S\u00e9ances de yoga adapt\u00e9es \u00e0 plusieurs niveaux, m\u00e9ditation, stages, ateliers d&#8217;\u00e9t\u00e9, temps de partage conviviaux : f\u00eate des lumi\u00e8res, f\u00eate du yoga.<\/strong>..<\/p>\n\n\n\n<p class=\"has-text-align-center\" id=\"block-fb573da9-3751-44f9-ae27-b6e92ee648f1\"><strong>Bon voyage !&nbsp;<\/strong><\/p>\n\n\n\n<p class=\"has-text-align-center\"><strong>Actualit\u00e9s<\/strong><\/p>\n\n\n\n<h2 class=\"wp-block-heading\">Voyage en Inde 2026 &#8211; <\/h2>\n\n\n\n<p>Un groupe de vingt-deux personnes, essentiellement compos\u00e9 d\u2019\u00e9l\u00e8ves des cours de V\u00e9ronique \u00e0 Falaise et Caen, est parti en Inde du 6 au 21 f\u00e9vrier 2026.<\/p>\n\n\n\n<p>Les voyageuses (presque uniquement des femmes) ont pu visiter de grandes villes comme Delhi ou Agra mais aussi des petites villes et villages du centre de l\u2019Inde (Madhya Pradesh) comme Mandu, Maheswar ou Omkareshwar, gr\u00e2ce \u00e0 l\u2019excellent guide Dhiraj Choudhary et son assistant Avinash.<\/p>\n\n\n\n<figure class=\"wp-block-image size-large\"><img loading=\"lazy\" decoding=\"async\" width=\"1024\" height=\"601\" src=\"http:\/\/usytkrb.cluster029.hosting.ovh.net\/wp-content\/uploads\/2026\/04\/image-1024x601.png\" alt=\"\" class=\"wp-image-414\" srcset=\"http:\/\/usytkrb.cluster029.hosting.ovh.net\/wp-content\/uploads\/2026\/04\/image-1024x601.png 1024w, http:\/\/usytkrb.cluster029.hosting.ovh.net\/wp-content\/uploads\/2026\/04\/image-300x176.png 300w, http:\/\/usytkrb.cluster029.hosting.ovh.net\/wp-content\/uploads\/2026\/04\/image-768x451.png 768w, http:\/\/usytkrb.cluster029.hosting.ovh.net\/wp-content\/uploads\/2026\/04\/image.png 1227w\" sizes=\"auto, (max-width: 1024px) 100vw, 1024px\" \/><\/figure>\n\n\n\n<p class=\"has-small-font-size\">Le groupe devant le Jahaz Mahal, sur le site arch\u00e9ologique de Mandu.<\/p>\n\n\n\n<p class=\"has-small-font-size\">Souvent, la journ\u00e9e commen\u00e7ait par une pratique de yoga avec V\u00e9ronique, puis une s\u00e9ance de m\u00e9ditation, avec Jacques Vigne. Ce dernier \u00e9tait aussi interpr\u00e8te lors des nombreuses visites historiques, culturelles et spirituelles, des temples religieux notamment.<\/p>\n\n\n\n<figure class=\"wp-block-image size-large\"><img loading=\"lazy\" decoding=\"async\" width=\"768\" height=\"1024\" src=\"http:\/\/usytkrb.cluster029.hosting.ovh.net\/wp-content\/uploads\/2026\/04\/image-1-768x1024.png\" alt=\"\" class=\"wp-image-415\" srcset=\"http:\/\/usytkrb.cluster029.hosting.ovh.net\/wp-content\/uploads\/2026\/04\/image-1-768x1024.png 768w, http:\/\/usytkrb.cluster029.hosting.ovh.net\/wp-content\/uploads\/2026\/04\/image-1-225x300.png 225w, http:\/\/usytkrb.cluster029.hosting.ovh.net\/wp-content\/uploads\/2026\/04\/image-1-1152x1536.png 1152w, http:\/\/usytkrb.cluster029.hosting.ovh.net\/wp-content\/uploads\/2026\/04\/image-1.png 1200w\" sizes=\"auto, (max-width: 768px) 100vw, 768px\" \/><\/figure>\n\n\n\n<p class=\"has-small-font-size\">Porte sculpt\u00e9e devant le tumulus du grand stupa bouddhiste de Sanch<\/p>\n\n\n\n<p class=\"has-small-font-size\">Sumer Muni, un moine itin\u00e9rant (sadhou), a accompagn\u00e9 les voyageuses aux abords du fleuve Narmada, le 3<sup>e<\/sup> plus grand de l\u2019Inde apr\u00e8s le Gange et la Yamuna. Il leur a fait d\u00e9couvrir l\u2019hindouisme et pr\u00e9sent\u00e9 plusieurs ma\u00eetres spirituels.<\/p>\n\n\n\n<p class=\"has-small-font-size\">Le groupe a \u00e9galement assist\u00e9 \u00e0 plusieurs f\u00eates populaires et particip\u00e9 \u00e0 des rituels li\u00e9s au culte du dieu Shiva, lors de la f\u00eate de Shivaratri, notamment.<\/p>\n\n\n\n<figure class=\"wp-block-image size-large\"><img loading=\"lazy\" decoding=\"async\" width=\"766\" height=\"1024\" src=\"http:\/\/usytkrb.cluster029.hosting.ovh.net\/wp-content\/uploads\/2026\/04\/image-2-766x1024.png\" alt=\"\" class=\"wp-image-416\" srcset=\"http:\/\/usytkrb.cluster029.hosting.ovh.net\/wp-content\/uploads\/2026\/04\/image-2-766x1024.png 766w, http:\/\/usytkrb.cluster029.hosting.ovh.net\/wp-content\/uploads\/2026\/04\/image-2-224x300.png 224w, http:\/\/usytkrb.cluster029.hosting.ovh.net\/wp-content\/uploads\/2026\/04\/image-2-768x1027.png 768w, http:\/\/usytkrb.cluster029.hosting.ovh.net\/wp-content\/uploads\/2026\/04\/image-2-1149x1536.png 1149w, http:\/\/usytkrb.cluster029.hosting.ovh.net\/wp-content\/uploads\/2026\/04\/image-2.png 1532w\" sizes=\"auto, (max-width: 766px) 100vw, 766px\" \/><\/figure>\n\n\n\n<p class=\"has-small-font-size\">F\u00eate de Shivaratri dans un ashram d\u00e9di\u00e9 \u00e0 Ma Anandamayi, grande sainte indienne du XXe s.<\/p>\n\n\n\n<p class=\"has-small-font-size\">Les voyageuses ont surtout circul\u00e9 en car mais elles ont aussi pris l\u2019avion (vol int\u00e9rieur), le bateau, en naviguant sur la Narmada, le train, et m\u00eame les rickshaws ou tuks-tuks.<\/p>\n\n\n\n<p class=\"has-small-font-size\">La nourriture \u00e9tait essentiellement v\u00e9g\u00e9tarienne, agr\u00e9ment\u00e9e de multiples \u00e9pices, accompagn\u00e9e de pain (chapati ou nan) et de cha\u00ef, le th\u00e9 traditionnel aux \u00e9pices, m\u00e9lang\u00e9 avec du lait.<\/p>\n\n\n\n<p class=\"has-small-font-size\">Les rencontres avec les Indiens souriants et accueillants, les couleurs vives des saris, les grands monuments \u2013 comme le Taj Mahal \u2013 visit\u00e9s sous un soleil radieux et les moments chaleureux et forts en spiritualit\u00e9, resteront grav\u00e9s dans les m\u00e9moires.<\/p>\n\n\n\n<figure class=\"wp-block-image size-large\"><img loading=\"lazy\" decoding=\"async\" width=\"1024\" height=\"768\" src=\"http:\/\/usytkrb.cluster029.hosting.ovh.net\/wp-content\/uploads\/2026\/04\/image-3-1024x768.png\" alt=\"\" class=\"wp-image-417\" srcset=\"http:\/\/usytkrb.cluster029.hosting.ovh.net\/wp-content\/uploads\/2026\/04\/image-3-1024x768.png 1024w, http:\/\/usytkrb.cluster029.hosting.ovh.net\/wp-content\/uploads\/2026\/04\/image-3-300x225.png 300w, http:\/\/usytkrb.cluster029.hosting.ovh.net\/wp-content\/uploads\/2026\/04\/image-3-768x576.png 768w, http:\/\/usytkrb.cluster029.hosting.ovh.net\/wp-content\/uploads\/2026\/04\/image-3-1536x1152.png 1536w, http:\/\/usytkrb.cluster029.hosting.ovh.net\/wp-content\/uploads\/2026\/04\/image-3.png 1600w\" sizes=\"auto, (max-width: 1024px) 100vw, 1024px\" \/><\/figure>\n\n\n\n<p class=\"has-small-font-size\">Le groupe a termin\u00e9 le s\u00e9jour en beaut\u00e9, devant le Taj Mahal.<br><br>&#8212;&#8212;&#8212;&#8212;&#8212;&#8212;&#8212;&#8212;&#8212;&#8212;&#8212;&#8212;&#8212;&#8212;&#8212;&#8212;&#8212;&#8212;&#8212;&#8212;&#8212;&#8212;&#8212;&#8212;&#8212;&#8212;&#8212;&#8212;&#8212;<\/p>\n\n\n\n<h2 class=\"wp-block-heading has-large-font-size\">                          <strong>Stage approfondissement 21 et 22 Mars avec Sabine Douchaina.<\/strong><\/h2>\n\n\n\n<p class=\"has-small-font-size\">Les 21 &amp; 22 mars prochain, l&#8217;association propose un stage d&#8217;approfondissement du yoga de l&#8217;\u00e9nergie anim\u00e9 par Sabine Douchaina.<br><br>Pour rappel, Sabine est formatrice d&#8217;enseignants du Yoga de l&#8217;Energie \u00e0 l&#8217;Ecole Fran\u00e7aise de Yoga et formatrice aussi \u00e0 l&#8217;Acad\u00e9mie du Yoga de l&#8217;\u00e9nergie.<br>Le stage se d\u00e9roule tranquillement sur une journ\u00e9e et demi et suit une \u00e9volution progressive du d\u00e9but \u00e0 la fin.\u00a0<\/p>\n\n\n\n<p class=\"has-small-font-size\">Il est toutefois possible de s&#8217;inscrire soit le samedi, soit le dimanche.<\/p>\n\n\n\n<p class=\"has-small-font-size\">Un repas partag\u00e9 est pr\u00e9vu le samedi midi.<br>Sabine nous propose un deuxi\u00e8me volet dans l&#8217;immersion de<em>&nbsp;<strong>l&#8217;\u00e9nergie des couleurs<\/strong><\/em>. La difficult\u00e9 de les visualiser n&#8217;est pas un obstacle \u00e0 la pratique. Au contraire, c&#8217;est l&#8217;occasion de se laisser apprivoiser par leur vibration. <\/p>\n\n\n\n<figure class=\"wp-block-image size-large\"><img loading=\"lazy\" decoding=\"async\" width=\"1024\" height=\"768\" src=\"http:\/\/usytkrb.cluster029.hosting.ovh.net\/wp-content\/uploads\/2026\/03\/offrandes-au-dieu-Shiva-1024x768.jpg\" alt=\"\" class=\"wp-image-410\" srcset=\"http:\/\/usytkrb.cluster029.hosting.ovh.net\/wp-content\/uploads\/2026\/03\/offrandes-au-dieu-Shiva-1024x768.jpg 1024w, http:\/\/usytkrb.cluster029.hosting.ovh.net\/wp-content\/uploads\/2026\/03\/offrandes-au-dieu-Shiva-300x225.jpg 300w, http:\/\/usytkrb.cluster029.hosting.ovh.net\/wp-content\/uploads\/2026\/03\/offrandes-au-dieu-Shiva-768x576.jpg 768w, http:\/\/usytkrb.cluster029.hosting.ovh.net\/wp-content\/uploads\/2026\/03\/offrandes-au-dieu-Shiva.jpg 1080w\" sizes=\"auto, (max-width: 1024px) 100vw, 1024px\" \/><\/figure>\n\n\n\n<p class=\"has-small-font-size\"><br>Le bulletin d&#8217;inscription ci-dessous+&nbsp;le ch\u00e8que \u00e0 l&#8217;ordre de l&#8217; ESF YOGA, peuvent \u00eatre remis \u00e0 V\u00e9ronique&nbsp;<strong>au plus tard le lundi 16 mars<\/strong>, ou envoy\u00e9s par courrier chez Gis\u00e8le Fournols, 9 bis route de Trun 14700 Falaise. Afin d&#8217;avoir une place avec certitude, n&#8217;h\u00e9sitez pas \u00e0 vous pr\u00e9-inscrire par mail ou sms (voir ci-dessous).<br>Nous esp\u00e9rons vous retrouver nombreux.ses autour de Sabine !<br>Bien chaleureusement,<\/p>\n\n\n\n<div data-wp-interactive=\"core\/file\" class=\"wp-block-file\"><object data-wp-bind--hidden=\"!state.hasPdfPreview\" hidden class=\"wp-block-file__embed\" data=\"http:\/\/usytkrb.cluster029.hosting.ovh.net\/wp-content\/uploads\/2026\/03\/bulletin-stage-Sabine-2026.pdf\" type=\"application\/pdf\" style=\"width:100%;height:600px\" aria-label=\"Embed of bulletin stage Sabine 2026.\"><\/object><a id=\"wp-block-file--media-b003365c-c7a8-4ea8-b9d4-b08416be036f\" href=\"http:\/\/usytkrb.cluster029.hosting.ovh.net\/wp-content\/uploads\/2026\/03\/bulletin-stage-Sabine-2026.pdf\">bulletin stage Sabine 2026<\/a><a href=\"http:\/\/usytkrb.cluster029.hosting.ovh.net\/wp-content\/uploads\/2026\/03\/bulletin-stage-Sabine-2026.pdf\" class=\"wp-block-file__button wp-element-button\" download aria-describedby=\"wp-block-file--media-b003365c-c7a8-4ea8-b9d4-b08416be036f\">T\u00e9l\u00e9charger<\/a><\/div>\n\n\n\n<p><\/p>\n\n\n\n<p class=\"has-small-font-size\">Nous vous souhaitons une ann\u00e9e 2026 pleine de joie, de douceur et de bien-\u00eatre !<\/p>\n\n\n\n<figure class=\"wp-block-image size-large\"><img loading=\"lazy\" decoding=\"async\" width=\"1024\" height=\"859\" src=\"http:\/\/usytkrb.cluster029.hosting.ovh.net\/wp-content\/uploads\/2026\/01\/611293047_1206417921624027_7013691840251989472_n-1024x859.jpg\" alt=\"\" class=\"wp-image-403\" srcset=\"http:\/\/usytkrb.cluster029.hosting.ovh.net\/wp-content\/uploads\/2026\/01\/611293047_1206417921624027_7013691840251989472_n-1024x859.jpg 1024w, http:\/\/usytkrb.cluster029.hosting.ovh.net\/wp-content\/uploads\/2026\/01\/611293047_1206417921624027_7013691840251989472_n-300x252.jpg 300w, http:\/\/usytkrb.cluster029.hosting.ovh.net\/wp-content\/uploads\/2026\/01\/611293047_1206417921624027_7013691840251989472_n-768x644.jpg 768w, http:\/\/usytkrb.cluster029.hosting.ovh.net\/wp-content\/uploads\/2026\/01\/611293047_1206417921624027_7013691840251989472_n-1536x1288.jpg 1536w, http:\/\/usytkrb.cluster029.hosting.ovh.net\/wp-content\/uploads\/2026\/01\/611293047_1206417921624027_7013691840251989472_n.jpg 2048w\" sizes=\"auto, (max-width: 1024px) 100vw, 1024px\" \/><\/figure>\n\n\n\n<p>15-10-2025 &#8211; Aujourd&#8217;hui, nous allons c\u00e9l\u00e9brer Diwali, la f\u00eate des lumi\u00e8res, lors de notre Assembl\u00e9e G\u00e9n\u00e9rale \u00e0 laquelle tous les membres de l&#8217;association sont convi\u00e9s !<\/p>\n\n\n\n<p>Un buffet partag\u00e9 nous permettra de nous retrouver dans une ambiance conviviale et festive \u00e0 la fin de la r\u00e9union&nbsp;<\/p>\n\n\n\n<figure class=\"wp-block-image\"><img decoding=\"async\" src=\"https:\/\/static.xx.fbcdn.net\/images\/emoji.php\/v9\/ted\/1\/16\/1f4ab.png\" alt=\"\ud83d\udcab\"\/><\/figure>\n\n\n\n<p>Alors pr\u00e9parez vos couverts et vos assiettes et apportez ce que vous voulez : boisson ou nourriture, sucr\u00e9 ou sal\u00e9, chaud ou froid&#8230; Le plus important c&#8217;est que vous soyez l\u00e0 !<\/p>\n\n\n\n<p>Namast\u00e9&nbsp;<\/p>\n\n\n\n<figure class=\"wp-block-image\"><img decoding=\"async\" src=\"https:\/\/static.xx.fbcdn.net\/images\/emoji.php\/v9\/t80\/1\/16\/1f64f.png\" alt=\"\ud83d\ude4f\"\/><\/figure>\n\n\n\n<figure class=\"wp-block-image size-large\"><img loading=\"lazy\" decoding=\"async\" width=\"1024\" height=\"859\" src=\"http:\/\/usytkrb.cluster029.hosting.ovh.net\/wp-content\/uploads\/2025\/10\/561522380_1144829184449568_6482804160737115807_n-1024x859.jpg\" alt=\"\" class=\"wp-image-399\" srcset=\"http:\/\/usytkrb.cluster029.hosting.ovh.net\/wp-content\/uploads\/2025\/10\/561522380_1144829184449568_6482804160737115807_n-1024x859.jpg 1024w, http:\/\/usytkrb.cluster029.hosting.ovh.net\/wp-content\/uploads\/2025\/10\/561522380_1144829184449568_6482804160737115807_n-300x252.jpg 300w, http:\/\/usytkrb.cluster029.hosting.ovh.net\/wp-content\/uploads\/2025\/10\/561522380_1144829184449568_6482804160737115807_n-768x644.jpg 768w, http:\/\/usytkrb.cluster029.hosting.ovh.net\/wp-content\/uploads\/2025\/10\/561522380_1144829184449568_6482804160737115807_n-1536x1288.jpg 1536w, http:\/\/usytkrb.cluster029.hosting.ovh.net\/wp-content\/uploads\/2025\/10\/561522380_1144829184449568_6482804160737115807_n.jpg 2048w\" sizes=\"auto, (max-width: 1024px) 100vw, 1024px\" \/><\/figure>\n\n\n\n<figure class=\"wp-block-image size-large\"><img loading=\"lazy\" decoding=\"async\" width=\"1024\" height=\"859\" src=\"http:\/\/usytkrb.cluster029.hosting.ovh.net\/wp-content\/uploads\/2025\/08\/Inscriptions-ouvertes-1024x859.jpg\" alt=\"\" class=\"wp-image-365\" srcset=\"http:\/\/usytkrb.cluster029.hosting.ovh.net\/wp-content\/uploads\/2025\/08\/Inscriptions-ouvertes-1024x859.jpg 1024w, http:\/\/usytkrb.cluster029.hosting.ovh.net\/wp-content\/uploads\/2025\/08\/Inscriptions-ouvertes-300x252.jpg 300w, http:\/\/usytkrb.cluster029.hosting.ovh.net\/wp-content\/uploads\/2025\/08\/Inscriptions-ouvertes-768x644.jpg 768w, http:\/\/usytkrb.cluster029.hosting.ovh.net\/wp-content\/uploads\/2025\/08\/Inscriptions-ouvertes-1536x1288.jpg 1536w, http:\/\/usytkrb.cluster029.hosting.ovh.net\/wp-content\/uploads\/2025\/08\/Inscriptions-ouvertes.jpg 2048w\" sizes=\"auto, (max-width: 1024px) 100vw, 1024px\" \/><\/figure>\n\n\n\n<div class=\"wp-block-file\"><a id=\"wp-block-file--media-f1f5cbfa-688c-4753-8b33-47d61031db0c\" href=\"http:\/\/usytkrb.cluster029.hosting.ovh.net\/wp-content\/uploads\/2025\/08\/506794610_1054479790151175_7349886070648988151_n-1.jpg\">Fiche d&#8217;inscription 2025-2026<\/a><a href=\"http:\/\/usytkrb.cluster029.hosting.ovh.net\/wp-content\/uploads\/2025\/08\/506794610_1054479790151175_7349886070648988151_n-1.jpg\" class=\"wp-block-file__button wp-element-button\" download aria-describedby=\"wp-block-file--media-f1f5cbfa-688c-4753-8b33-47d61031db0c\">T\u00e9l\u00e9charger<\/a><\/div>\n\n\n\n<figure class=\"wp-block-image size-large\"><img loading=\"lazy\" decoding=\"async\" width=\"1024\" height=\"720\" src=\"http:\/\/usytkrb.cluster029.hosting.ovh.net\/wp-content\/uploads\/2025\/08\/506794610_1054479790151175_7349886070648988151_n-1024x720.jpg\" alt=\"\" class=\"wp-image-367\" srcset=\"http:\/\/usytkrb.cluster029.hosting.ovh.net\/wp-content\/uploads\/2025\/08\/506794610_1054479790151175_7349886070648988151_n-1024x720.jpg 1024w, http:\/\/usytkrb.cluster029.hosting.ovh.net\/wp-content\/uploads\/2025\/08\/506794610_1054479790151175_7349886070648988151_n-300x211.jpg 300w, http:\/\/usytkrb.cluster029.hosting.ovh.net\/wp-content\/uploads\/2025\/08\/506794610_1054479790151175_7349886070648988151_n-768x540.jpg 768w, http:\/\/usytkrb.cluster029.hosting.ovh.net\/wp-content\/uploads\/2025\/08\/506794610_1054479790151175_7349886070648988151_n-1536x1079.jpg 1536w, http:\/\/usytkrb.cluster029.hosting.ovh.net\/wp-content\/uploads\/2025\/08\/506794610_1054479790151175_7349886070648988151_n.jpg 1682w\" sizes=\"auto, (max-width: 1024px) 100vw, 1024px\" \/><\/figure>\n\n\n\n<p class=\"has-text-align-center\"><\/p>\n\n\n\n<p><\/p>\n\n\n\n<p class=\"has-text-align-center\"><strong>L&#8217;ESF YOGA A F\u00caT\u00c9 SES 20 ANS<\/strong><\/p>\n\n\n\n<p>L&#8217;association a f\u00eat\u00e9 ses 20 ans le 12 octobre 2024. Cette journ\u00e9e extraordinaire pour le club a eu pour th\u00e9matique : l&#8217;Inde. Au programme, plusieurs animations \u00e9taient propos\u00e9es aux adh\u00e9rents et \u00e0 leurs familles. La journ\u00e9e a d\u00e9but\u00e9 avec Myrtille Anderson, qui a cr\u00e9\u00e9 l&#8217;association &#8220;La ronde des \u00e9pices&#8221; et qui a fait une pr\u00e9sentation des \u00e9pices. Suite \u00e0 cela, elle a propos\u00e9 un repas typiquement indien, avec du poulet tandoori, curry de l\u00e9gume et g\u00e2teau de semoule&#8230;Un d\u00e9lice !<\/p>\n\n\n\n<p>L&#8217;apr\u00e8s-midi, V\u00e9ronique, professeur de yoga de l&#8217;association, a propos\u00e9 une initiation au yoga puis une s\u00e9ance d&#8217;auto massage ayurv\u00e9dique. Elo\u00efse Salom\u00e9 est venue cl\u00f4turer cette superbe journ\u00e9e en initiant les volontaires \u00e0 la danse indienne puis a fait d\u00e9couvrir \u00e0 une cinquantaine de personnes un spectacle de danse indienne traditionnelle avec ses \u00e9l\u00e8ves.<\/p>\n\n\n\n<p>Cette journ\u00e9e chaleureuse \u00e9tait plac\u00e9e sous le signe de la bonne humeur et de la bienveillance ! <\/p>\n\n\n\n<figure class=\"wp-block-image size-large\"><img loading=\"lazy\" decoding=\"async\" width=\"682\" height=\"1024\" src=\"http:\/\/usytkrb.cluster029.hosting.ovh.net\/wp-content\/uploads\/2024\/11\/1-682x1024.png\" alt=\"\" class=\"wp-image-335\" srcset=\"http:\/\/usytkrb.cluster029.hosting.ovh.net\/wp-content\/uploads\/2024\/11\/1-682x1024.png 682w, http:\/\/usytkrb.cluster029.hosting.ovh.net\/wp-content\/uploads\/2024\/11\/1-200x300.png 200w, http:\/\/usytkrb.cluster029.hosting.ovh.net\/wp-content\/uploads\/2024\/11\/1-768x1152.png 768w, http:\/\/usytkrb.cluster029.hosting.ovh.net\/wp-content\/uploads\/2024\/11\/1-1024x1536.png 1024w, http:\/\/usytkrb.cluster029.hosting.ovh.net\/wp-content\/uploads\/2024\/11\/1.png 1333w\" sizes=\"auto, (max-width: 682px) 100vw, 682px\" \/><\/figure>\n\n\n\n<figure class=\"wp-block-image size-large\"><img loading=\"lazy\" decoding=\"async\" width=\"682\" height=\"1024\" src=\"http:\/\/usytkrb.cluster029.hosting.ovh.net\/wp-content\/uploads\/2024\/11\/2-682x1024.png\" alt=\"\" class=\"wp-image-337\" srcset=\"http:\/\/usytkrb.cluster029.hosting.ovh.net\/wp-content\/uploads\/2024\/11\/2-682x1024.png 682w, http:\/\/usytkrb.cluster029.hosting.ovh.net\/wp-content\/uploads\/2024\/11\/2-200x300.png 200w, http:\/\/usytkrb.cluster029.hosting.ovh.net\/wp-content\/uploads\/2024\/11\/2-768x1152.png 768w, http:\/\/usytkrb.cluster029.hosting.ovh.net\/wp-content\/uploads\/2024\/11\/2-1024x1536.png 1024w, http:\/\/usytkrb.cluster029.hosting.ovh.net\/wp-content\/uploads\/2024\/11\/2.png 1333w\" sizes=\"auto, (max-width: 682px) 100vw, 682px\" \/><\/figure>\n","protected":false},"excerpt":{"rendered":"<p>NAMASTE !&nbsp; Bienvenue sur le site de l\u2019ESF Yoga ! Nous vous accueillons chaleureusement et nous vous convions\u00a0\u00e0 la d\u00e9couverte de nos activit\u00e9s.\u00a0S\u00e9ances de yoga adapt\u00e9es \u00e0 plusieurs niveaux, m\u00e9ditation, stages, ateliers d&#8217;\u00e9t\u00e9, temps de partage conviviaux : f\u00eate des lumi\u00e8res, f\u00eate du yoga&#8230; Bon voyage !&nbsp; Actualit\u00e9s Voyage en Inde 2026 &#8211; Un groupe [&hellip;]<\/p>\n","protected":false},"author":1,"featured_media":262,"parent":0,"menu_order":0,"comment_status":"closed","ping_status":"closed","template":"","meta":{"footnotes":""},"class_list":["post-2","page","type-page","status-publish","has-post-thumbnail","hentry"],"_links":{"self":[{"href":"http:\/\/usytkrb.cluster029.hosting.ovh.net\/index.php\/wp-json\/wp\/v2\/pages\/2","targetHints":{"allow":["GET"]}}],"collection":[{"href":"http:\/\/usytkrb.cluster029.hosting.ovh.net\/index.php\/wp-json\/wp\/v2\/pages"}],"about":[{"href":"http:\/\/usytkrb.cluster029.hosting.ovh.net\/index.php\/wp-json\/wp\/v2\/types\/page"}],"author":[{"embeddable":true,"href":"http:\/\/usytkrb.cluster029.hosting.ovh.net\/index.php\/wp-json\/wp\/v2\/users\/1"}],"replies":[{"embeddable":true,"href":"http:\/\/usytkrb.cluster029.hosting.ovh.net\/index.php\/wp-json\/wp\/v2\/comments?post=2"}],"version-history":[{"count":67,"href":"http:\/\/usytkrb.cluster029.hosting.ovh.net\/index.php\/wp-json\/wp\/v2\/pages\/2\/revisions"}],"predecessor-version":[{"id":418,"href":"http:\/\/usytkrb.cluster029.hosting.ovh.net\/index.php\/wp-json\/wp\/v2\/pages\/2\/revisions\/418"}],"wp:featuredmedia":[{"embeddable":true,"href":"http:\/\/usytkrb.cluster029.hosting.ovh.net\/index.php\/wp-json\/wp\/v2\/media\/262"}],"wp:attachment":[{"href":"http:\/\/usytkrb.cluster029.hosting.ovh.net\/index.php\/wp-json\/wp\/v2\/media?parent=2"}],"curies":[{"name":"wp","href":"https:\/\/api.w.org\/{rel}","templated":true}]}}