{"id":107,"date":"2023-04-17T21:50:26","date_gmt":"2023-04-17T19:50:26","guid":{"rendered":"http:\/\/usytkrb.cluster029.hosting.ovh.net\/?page_id=107"},"modified":"2025-10-15T18:03:11","modified_gmt":"2025-10-15T16:03:11","slug":"association","status":"publish","type":"page","link":"http:\/\/usytkrb.cluster029.hosting.ovh.net\/index.php\/association\/","title":{"rendered":""},"content":{"rendered":"\n<div class=\"wp-block-buttons is-content-justification-center is-layout-flex wp-container-core-buttons-is-layout-a89b3969 wp-block-buttons-is-layout-flex\">\n<div class=\"wp-block-button\"><a class=\"wp-block-button__link wp-element-button\" href=\"http:\/\/usytkrb.cluster029.hosting.ovh.net\/index.php\/accueil-esf\/\">Accueil<\/a><\/div>\n\n\n\n<div class=\"wp-block-button\"><a class=\"wp-block-button__link wp-element-button\" href=\"http:\/\/usytkrb.cluster029.hosting.ovh.net\/index.php\/yoga\/\">Le yoga<\/a><\/div>\n\n\n\n<div class=\"wp-block-button\"><a class=\"wp-block-button__link wp-element-button\" href=\"http:\/\/usytkrb.cluster029.hosting.ovh.net\/index.php\/activites-2\/\">Activit\u00e9<\/a><\/div>\n\n\n\n<div class=\"wp-block-button\"><a class=\"wp-block-button__link wp-element-button\" href=\"http:\/\/usytkrb.cluster029.hosting.ovh.net\/index.php\/infos-pratiques\/\">Infos pratiques<\/a><\/div>\n<\/div>\n\n\n\n<p>L\u2019association Entente Sportive Falaisienne Yoga est une association loi 1901, int\u00e9gr\u00e9e au sein de l\u2019Entente Sportive Falaisienne.<\/p>\n\n\n\n<p>Forte d\u2019environ 130 adh\u00e9rents, elle rayonne sur la r\u00e9gion de Falaise et bien au-del\u00e0.<\/p>\n\n\n\n<p>Elle a pour but de permettre \u00e0 ses adh\u00e9rents de puiser un mieux-\u00eatre \u00e0 travers le Yoga et de contribuer \u00e0 la qualit\u00e9 de leur vie.<\/p>\n\n\n\n<p>L\u2019association est pr\u00e9sid\u00e9e par&nbsp;Julie LE MEN&nbsp;entour\u00e9e de :<\/p>\n\n\n\n<ul class=\"wp-block-list\">\n<li>Sophie LEBIGOT (Vice-pr\u00e9sidente)<\/li>\n\n\n\n<li>Rozenn FLEURY&nbsp;(tr\u00e9sori\u00e8re),<\/li>\n\n\n\n<li>Dani\u00e8le MALLET&nbsp;(tr\u00e9sori\u00e8re adjointe),<\/li>\n\n\n\n<li>Gisele FOURNOLS&nbsp;(secr\u00e9taire),<\/li>\n\n\n\n<li>Martine LE GAGNEUR&nbsp;(secr\u00e9taire adjointe)<\/li>\n<\/ul>\n\n\n\n<p>et des membres suivants :&nbsp;<\/p>\n\n\n\n<p>Anne BAALI, Jacqueline&nbsp;BUTAEYE, Sophie CONTE DESLOGES,&nbsp;Laurent&nbsp;GAPAILLARD, Marine CO\u00cbDEL-GEORGE, Agn\u00e8s MICHEL, Ambre MORIN PERCHAT, Yvette ONFROY et  Sophie VALENTIN.<\/p>\n\n\n\n<figure class=\"wp-block-image aligncenter size-full is-resized\"><img loading=\"lazy\" decoding=\"async\" width=\"745\" height=\"727\" src=\"http:\/\/usytkrb.cluster029.hosting.ovh.net\/wp-content\/uploads\/2023\/04\/publi-sur-veronique.jpg\" alt=\"\" class=\"wp-image-23\" style=\"width:455px;height:444px\" srcset=\"http:\/\/usytkrb.cluster029.hosting.ovh.net\/wp-content\/uploads\/2023\/04\/publi-sur-veronique.jpg 745w, http:\/\/usytkrb.cluster029.hosting.ovh.net\/wp-content\/uploads\/2023\/04\/publi-sur-veronique-300x293.jpg 300w\" sizes=\"auto, (max-width: 745px) 100vw, 745px\" \/><\/figure>\n\n\n\n<p>V\u00e9ronique enseigne pour l\u2019ESF Yoga depuis 2014 ! D\u00e9couvrez son parcours :<\/p>\n\n\n\n<p>Native de Caen, V\u00e9ronique a commenc\u00e9 le yoga \u00e0 l\u2019\u00e2ge de 17 ans, avec une amie de sa m\u00e8re, Adrienne Letellier, enseignante de yoga. La pratique l\u2019aida dans sa pr\u00e9paration au baccalaur\u00e9at, stressante et demandant une grande concentration. La jeune fille ressentit imm\u00e9diatement un bien-\u00eatre et un int\u00e9r\u00eat profond pour cette discipline de l\u2019\u00e9nergie qui entra dans sa vie pour ne jamais en ressortir.<\/p>\n\n\n\n<p>Form\u00e9e \u00e0 l\u2019Ecole Fran\u00e7aise de Yoga (EFY) de Paris, V\u00e9ronique a opt\u00e9 pour la lign\u00e9e du Yoga de l\u2019Energie avec Boris Tatzky. Elle a encha\u00een\u00e9 avec une post-formation \u00e0 l\u2019Institut du Yoga de l\u2019\u00e9nergie de l\u2019Ouest \u00e0 Rennes puis au Mans, cr\u00e9\u00e9e par Annie Hamelin, elle m\u00eame formatrice \u00e0 l\u2019EFY qui l\u2019a pr\u00e9par\u00e9e \u00e0 l\u2019Acad\u00e9mie du Yoga de l\u2019Energie de Paris dirig\u00e9e par Jean-Pierre Laffez. Elle y poursuit actuellement sa formation continue \u00e0 un rythme libre.<\/p>\n\n\n\n<p>V\u00e9ronique accomplit \u00e9galement annuellement un stage d\u2019une semaine propos\u00e9 par la F\u00e9d\u00e9ration Nationale des Enseignants de Yoga (FNEY) afin d\u2019approfondir et de remettre en question son enseignement et sa pratique personnelle.<\/p>\n\n\n\n<p>V\u00e9ronique enseigne le yoga depuis 2004, commen\u00e7ant doucement en parall\u00e8le d\u2019une activit\u00e9 professionnelle tr\u00e8s prenante avant d\u2019en faire son activit\u00e9 principale. Elle enseigne pour l\u2019ESF Yoga depuis 2014, faisant suite \u00e0 Nad\u00e8ge Joerger. Elle dispense \u00e9galement des cours \u00e0 Caen (la Haie Vign\u00e9 et La Butte), ainsi qu\u2019\u00e0 H\u00e9rouville-Saint-Clair et Soumont-Saint-Quentin.<\/p>\n\n\n\n<p>\ufeff<\/p>\n\n\n\n<p class=\"has-text-align-center\"><a href=\"https:\/\/l.facebook.com\/l.php?u=http%3A%2F%2Fwww.lemondeduyoga.org%2F%3Ffbclid%3DIwAR3nBIywUJ8xuzmFderu7vPyI4XXvfh6AD2ntxR1mreVxrL9XbjhyyhUyBc&amp;h=AT0RZY8cSp3fVjkmdeIvkurLv1zcMYlJzmoomKSZXLsMg1TXDrmNOCS9yiCwJ4oxNmdVnvJ2JyITpxXLx_wBRFm6OE7QYkct3o6zHiIusSJy61NpyDlhlTQY_U75UarTig&amp;__tn__=-UK-R&amp;c%5b0%5d=AT1WUYn-iW4XJia7ZB9G6TCrjIbR9qByvx3o6B8m-bNyObvR7qWBcY8nCYOfyu-5Krj6n8Qezyidel6HP3oPfQml3bzwGGghS0bEPvN49lpN0xJtyLvf2ScXYp7bt_gCLRjwokHBRjXLkMER_je7pPOvI4pgAvzrjb8a08Ulw6hwSqhK0g\" target=\"_blank\" rel=\"noreferrer noopener\">http:\/\/www.lemondeduyoga.org<\/a><\/p>\n\n\n\n<p class=\"has-text-align-center\"><a href=\"https:\/\/l.facebook.com\/l.php?u=http%3A%2F%2Fwww.yoga-energie.org%2F%3Ffbclid%3DIwAR3Wly3nmDQxOY32Q8JaBOnBJWRiMcb4QPZJ4eyJlS52NFKfyB-oGfhkUNg&amp;h=AT0zkckqO7Qme8MLTlvSh-Y2NdfsKTDgop7wbhPiwxXpCsfKCl2Q0F5Ei_McY3BIQcDHblixSHJ5yOp9mmlVqLhtb0LIu7Xc0u1fz2AH9r5fQWYavntHtWpcPiVrjPdGCA&amp;__tn__=-UK-R&amp;c%5b0%5d=AT1WUYn-iW4XJia7ZB9G6TCrjIbR9qByvx3o6B8m-bNyObvR7qWBcY8nCYOfyu-5Krj6n8Qezyidel6HP3oPfQml3bzwGGghS0bEPvN49lpN0xJtyLvf2ScXYp7bt_gCLRjwokHBRjXLkMER_je7pPOvI4pgAvzrjb8a08Ulw6hwSqhK0g\" target=\"_blank\" rel=\"noreferrer noopener\">http:\/\/www.yoga-energie.org<\/a><\/p>\n","protected":false},"excerpt":{"rendered":"<p>L\u2019association Entente Sportive Falaisienne Yoga est une association loi 1901, int\u00e9gr\u00e9e au sein de l\u2019Entente Sportive Falaisienne. Forte d\u2019environ 130 adh\u00e9rents, elle rayonne sur la r\u00e9gion de Falaise et bien au-del\u00e0. Elle a pour but de permettre \u00e0 ses adh\u00e9rents de puiser un mieux-\u00eatre \u00e0 travers le Yoga et de contribuer \u00e0 la qualit\u00e9 de [&hellip;]<\/p>\n","protected":false},"author":1,"featured_media":262,"parent":0,"menu_order":2,"comment_status":"closed","ping_status":"closed","template":"","meta":{"footnotes":""},"class_list":["post-107","page","type-page","status-publish","has-post-thumbnail","hentry"],"_links":{"self":[{"href":"http:\/\/usytkrb.cluster029.hosting.ovh.net\/index.php\/wp-json\/wp\/v2\/pages\/107","targetHints":{"allow":["GET"]}}],"collection":[{"href":"http:\/\/usytkrb.cluster029.hosting.ovh.net\/index.php\/wp-json\/wp\/v2\/pages"}],"about":[{"href":"http:\/\/usytkrb.cluster029.hosting.ovh.net\/index.php\/wp-json\/wp\/v2\/types\/page"}],"author":[{"embeddable":true,"href":"http:\/\/usytkrb.cluster029.hosting.ovh.net\/index.php\/wp-json\/wp\/v2\/users\/1"}],"replies":[{"embeddable":true,"href":"http:\/\/usytkrb.cluster029.hosting.ovh.net\/index.php\/wp-json\/wp\/v2\/comments?post=107"}],"version-history":[{"count":23,"href":"http:\/\/usytkrb.cluster029.hosting.ovh.net\/index.php\/wp-json\/wp\/v2\/pages\/107\/revisions"}],"predecessor-version":[{"id":396,"href":"http:\/\/usytkrb.cluster029.hosting.ovh.net\/index.php\/wp-json\/wp\/v2\/pages\/107\/revisions\/396"}],"wp:featuredmedia":[{"embeddable":true,"href":"http:\/\/usytkrb.cluster029.hosting.ovh.net\/index.php\/wp-json\/wp\/v2\/media\/262"}],"wp:attachment":[{"href":"http:\/\/usytkrb.cluster029.hosting.ovh.net\/index.php\/wp-json\/wp\/v2\/media?parent=107"}],"curies":[{"name":"wp","href":"https:\/\/api.w.org\/{rel}","templated":true}]}}