{"id":102,"date":"2023-04-17T21:45:17","date_gmt":"2023-04-17T19:45:17","guid":{"rendered":"http:\/\/usytkrb.cluster029.hosting.ovh.net\/?page_id=102"},"modified":"2025-10-15T18:02:30","modified_gmt":"2025-10-15T16:02:30","slug":"infos-pratiques","status":"publish","type":"page","link":"http:\/\/usytkrb.cluster029.hosting.ovh.net\/index.php\/infos-pratiques\/","title":{"rendered":""},"content":{"rendered":"\n<div class=\"wp-block-buttons is-layout-flex wp-block-buttons-is-layout-flex\">\n<div class=\"wp-block-button\"><a class=\"wp-block-button__link wp-element-button\" href=\"http:\/\/usytkrb.cluster029.hosting.ovh.net\/index.php\/accueil-esf\">Accueil<\/a><\/div>\n\n\n\n<div class=\"wp-block-button\"><a class=\"wp-block-button__link wp-element-button\" href=\"http:\/\/usytkrb.cluster029.hosting.ovh.net\/index.php\/association\/\">L&#8217;association<\/a><\/div>\n\n\n\n<div class=\"wp-block-button\"><a class=\"wp-block-button__link wp-element-button\" href=\"http:\/\/usytkrb.cluster029.hosting.ovh.net\/index.php\/yoga\/\">Le yoga<\/a><\/div>\n\n\n\n<div class=\"wp-block-button\"><a class=\"wp-block-button__link wp-element-button\" href=\"http:\/\/usytkrb.cluster029.hosting.ovh.net\/index.php\/activites\/\">Activit\u00e9<\/a><\/div>\n<\/div>\n\n\n\n<p>Les cours de yoga et la m\u00e9ditation sont assur\u00e9s par V\u00e9ronique VAUVRECY \u00e0 la salle de motricit\u00e9 de l&#8217;\u00e9cole maternelle FOCH &#8211; Rue du Marechal Foch \u00e0 Falaise (Quartier Guibray) et \u00e0 l&#8217;\u00e9cole Pauline Roland &#8211; Avenue de la crosse \u00e0 Falaise pour le cours du mercredi soir.<\/p>\n\n\n\n<hr class=\"wp-block-separator has-alpha-channel-opacity\"\/>\n\n\n\n<p class=\"has-text-align-center\"><strong>HORAIRES DES COURS<\/strong><\/p>\n\n\n\n<p class=\"has-text-align-center\"><strong><em>Yoga adultes : cours hebdomadaires<\/em><\/strong><\/p>\n\n\n\n<p class=\"has-text-align-center\"><strong>D\u00e9tente&nbsp;<\/strong>: Mercredi 16h30-18h<\/p>\n\n\n\n<hr class=\"wp-block-separator has-alpha-channel-opacity\"\/>\n\n\n\n<p class=\"has-text-align-center\"><strong>Energie<\/strong> : Lundi 19h15-20h45<\/p>\n\n\n\n<p class=\"has-text-align-center\">                  Mardi 19h15-20h45 <\/p>\n\n\n\n<p class=\"has-text-align-center\">                  Jeudi 10h15-11h45 <\/p>\n\n\n\n<hr class=\"wp-block-separator has-alpha-channel-opacity\"\/>\n\n\n\n<p class=\"has-text-align-center\"><strong>Equilibre<\/strong> : Lundi 17h30-19h<\/p>\n\n\n\n<p class=\"has-text-align-center\">                   Mardi 17h30-19h <\/p>\n\n\n\n<hr class=\"wp-block-separator has-alpha-channel-opacity\"\/>\n\n\n\n<p class=\"has-text-align-center\"><strong><em>M\u00e9ditation adultes : cours hebdomadaires<\/em><\/strong><\/p>\n\n\n\n<p class=\"has-text-align-center\">                   Mercredi 18h30-19h30<\/p>\n\n\n\n<hr class=\"wp-block-separator has-alpha-channel-opacity\"\/>\n\n\n\n<p class=\"has-text-align-center\"><\/p>\n\n\n\n<p class=\"has-text-align-center\"><strong>TARIFS COURS DE YOGA\/MEDITATION 2025-2026<\/strong><\/p>\n\n\n\n<p class=\"has-text-align-center\"><em style=\"\"><b>Yoga\/<\/b><\/em><strong><em>M\u00e9ditation adulte hebdomadaire<\/em><\/strong><\/p>\n\n\n\n<p>Moins de 26 ans :&nbsp;<strong>162 \u20ac<\/strong> (30\u20ac inscription \u00e0 l&#8217;association + 44\u20ac par trimestre)<\/p>\n\n\n\n<p>Plus de 26 ans :&nbsp;<strong>192\u20ac&nbsp;<\/strong>(30\u20ac inscription \u00e0 l&#8217;association + 54\u20ac par trimestre)<\/p>\n\n\n\n<p>Tarif M\u00e9ditation : carte annuelle r\u00e9serv\u00e9e aux adh\u00e9rents de 30\u20ac, \u00e0 r\u00e9gler \u00e0 part de l&#8217;inscription au yoga.<\/p>\n\n\n\n<hr class=\"wp-block-separator has-alpha-channel-opacity\"\/>\n\n\n\n<p class=\"has-text-align-center\"><strong>INSCRIPTIONS 2025-2026<\/strong><\/p>\n\n\n\n<p>Le bulletin d\u2019inscription actualis\u00e9 est en pi\u00e8ce jointe avec la lettre concernant la protection des donn\u00e9es (RGPD) qui doit OBLIGATOIREMENT, \u00eatre sign\u00e9e et jointe \u00e0 la fiche d&#8217;inscription.<\/p>\n\n\n\n<p>Accompagn\u00e9 du r\u00e8glement de l\u2019adh\u00e9sion et de la cotisation, il est \u00e0 adresser :<\/p>\n\n\n\n<p>\u25cf par correspondance \u00e0 la secr\u00e9taire, Gis\u00e8le Fournols,<\/p>\n\n\n\n<p>9bis route de Trun 14700 Falaise<\/p>\n\n\n\n<p>\u25cf&nbsp;Ou venir directement aux permanences suivantes \u00e0 l&#8217;\u00e9cole maternelle Foch, rue du mar\u00e9chal Foch \u00e0 FALAISE :<\/p>\n\n\n\n<ul class=\"wp-block-list\">\n<li>Le lundi 8\/09 de 17h \u00e0 19h<\/li>\n\n\n\n<li>Le jeudi 11\/09 de 10h \u00e0 12h<\/li>\n<\/ul>\n\n\n\n<p>&nbsp;ou 15 minutes avant le d\u00e9but des cours (jusqu\u2019aux vacances de la Toussaint)<\/p>\n\n\n\n<p>\u25cf&nbsp;Lors du forum des associations qui aura lieu cette ann\u00e9e le samedi 6 septembre 2025 \u00e0 Falaise sur la place du forum.<\/p>\n\n\n\n<p><em>La totalit\u00e9 du paiement de l&#8217;activit\u00e9 se fait au moment de l&#8217;inscription. C&#8217;est un engagement \u00e0 l&#8217;ann\u00e9e.&nbsp;<strong>Aucun remboursement ne sera effectu\u00e9 en cas d&#8217;abandon ou d&#8217;absence \u00e0 l&#8217;activit\u00e9<\/strong>. L&#8217;inscription implique l&#8217;acceptation des pr\u00e9sentes conditions.<\/em><\/p>\n\n\n\n<p><strong>Deux s\u00e9ances gratuites \u00e0 l&#8217;essai.<\/strong><\/p>\n\n\n\n<figure class=\"wp-block-image size-large\"><img loading=\"lazy\" decoding=\"async\" width=\"1024\" height=\"720\" src=\"http:\/\/usytkrb.cluster029.hosting.ovh.net\/wp-content\/uploads\/2025\/08\/506794610_1054479790151175_7349886070648988151_n-2-1024x720.jpg\" alt=\"\" class=\"wp-image-371\" srcset=\"http:\/\/usytkrb.cluster029.hosting.ovh.net\/wp-content\/uploads\/2025\/08\/506794610_1054479790151175_7349886070648988151_n-2-1024x720.jpg 1024w, http:\/\/usytkrb.cluster029.hosting.ovh.net\/wp-content\/uploads\/2025\/08\/506794610_1054479790151175_7349886070648988151_n-2-300x211.jpg 300w, http:\/\/usytkrb.cluster029.hosting.ovh.net\/wp-content\/uploads\/2025\/08\/506794610_1054479790151175_7349886070648988151_n-2-768x540.jpg 768w, http:\/\/usytkrb.cluster029.hosting.ovh.net\/wp-content\/uploads\/2025\/08\/506794610_1054479790151175_7349886070648988151_n-2-1536x1079.jpg 1536w, http:\/\/usytkrb.cluster029.hosting.ovh.net\/wp-content\/uploads\/2025\/08\/506794610_1054479790151175_7349886070648988151_n-2.jpg 1682w\" sizes=\"auto, (max-width: 1024px) 100vw, 1024px\" \/><\/figure>\n\n\n\n<div class=\"wp-block-file\"><a id=\"wp-block-file--media-fa8d93ad-1ec6-43b7-a5cb-5409fc6c7258\" href=\"http:\/\/usytkrb.cluster029.hosting.ovh.net\/wp-content\/uploads\/2025\/08\/FICHE-INSCRIPTION-2025-2026_page-0001-1.jpg\">FICHE INSCRIPTION 2025 2026_<\/a><a href=\"http:\/\/usytkrb.cluster029.hosting.ovh.net\/wp-content\/uploads\/2025\/08\/FICHE-INSCRIPTION-2025-2026_page-0001-1.jpg\" class=\"wp-block-file__button wp-element-button\" download aria-describedby=\"wp-block-file--media-fa8d93ad-1ec6-43b7-a5cb-5409fc6c7258\">T\u00e9l\u00e9charger<\/a><\/div>\n\n\n\n<figure class=\"wp-block-image size-large is-resized\"><img loading=\"lazy\" decoding=\"async\" width=\"725\" height=\"1024\" src=\"http:\/\/usytkrb.cluster029.hosting.ovh.net\/wp-content\/uploads\/2024\/06\/FICHES-RGPD_page-0001-725x1024.jpg\" alt=\"\" class=\"wp-image-306\" style=\"width:651px;height:auto\" srcset=\"http:\/\/usytkrb.cluster029.hosting.ovh.net\/wp-content\/uploads\/2024\/06\/FICHES-RGPD_page-0001-725x1024.jpg 725w, http:\/\/usytkrb.cluster029.hosting.ovh.net\/wp-content\/uploads\/2024\/06\/FICHES-RGPD_page-0001-212x300.jpg 212w, http:\/\/usytkrb.cluster029.hosting.ovh.net\/wp-content\/uploads\/2024\/06\/FICHES-RGPD_page-0001-768x1085.jpg 768w, http:\/\/usytkrb.cluster029.hosting.ovh.net\/wp-content\/uploads\/2024\/06\/FICHES-RGPD_page-0001-1087x1536.jpg 1087w, http:\/\/usytkrb.cluster029.hosting.ovh.net\/wp-content\/uploads\/2024\/06\/FICHES-RGPD_page-0001.jpg 1241w\" sizes=\"auto, (max-width: 725px) 100vw, 725px\" \/><\/figure>\n\n\n\n<div class=\"wp-block-file\"><a id=\"wp-block-file--media-bd73d9ca-585f-4864-8757-2ef409ab22ac\" href=\"http:\/\/usytkrb.cluster029.hosting.ovh.net\/wp-content\/uploads\/2024\/06\/FICHES-RGPD_page-0001-1.jpg\">FICHES-RGPD_<\/a><a href=\"http:\/\/usytkrb.cluster029.hosting.ovh.net\/wp-content\/uploads\/2024\/06\/FICHES-RGPD_page-0001-1.jpg\" class=\"wp-block-file__button wp-element-button\" download aria-describedby=\"wp-block-file--media-bd73d9ca-585f-4864-8757-2ef409ab22ac\">T\u00e9l\u00e9charger<\/a><\/div>\n\n\n\n<p class=\"has-text-align-center\">Pour prendre contact avec l&#8217;association, n&#8217;h\u00e9sitez pas \u00e0 remplir ce formulaire avec votre demande.<\/p>\n\n\n<style id=\"wpforms-css-vars-377-block-3bc03a97-229b-425d-af61-3d0f4b511152\">\n\t\t\t\t#wpforms-377.wpforms-block-3bc03a97-229b-425d-af61-3d0f4b511152 {\n\t\t\t\t--wpforms-field-size-input-height: 43px;\n--wpforms-field-size-input-spacing: 15px;\n--wpforms-field-size-font-size: 16px;\n--wpforms-field-size-line-height: 19px;\n--wpforms-field-size-padding-h: 14px;\n--wpforms-field-size-checkbox-size: 16px;\n--wpforms-field-size-sublabel-spacing: 5px;\n--wpforms-field-size-icon-size: 1;\n--wpforms-label-size-font-size: 16px;\n--wpforms-label-size-line-height: 19px;\n--wpforms-label-size-sublabel-font-size: 14px;\n--wpforms-label-size-sublabel-line-height: 17px;\n--wpforms-button-size-font-size: 17px;\n--wpforms-button-size-height: 41px;\n--wpforms-button-size-padding-h: 15px;\n--wpforms-button-size-margin-top: 10px;\n\t\t\t}\n\t\t\t<\/style><div class=\"wpforms-container wpforms-container-full wpforms-block wpforms-block-3bc03a97-229b-425d-af61-3d0f4b511152 wpforms-render-modern\" id=\"wpforms-377\"><form id=\"wpforms-form-377\" class=\"wpforms-validate wpforms-form wpforms-ajax-form\" data-formid=\"377\" method=\"post\" enctype=\"multipart\/form-data\" action=\"\/index.php\/wp-json\/wp\/v2\/pages\/102\" data-token=\"dd5f1d1586692c883d19c8d97e887c82\" data-token-time=\"1775683228\"><noscript class=\"wpforms-error-noscript\">Please enable JavaScript in your browser to complete this form.<\/noscript><div id=\"wpforms-error-noscript\" style=\"display: none;\">Please enable JavaScript in your browser to complete this form.<\/div><div class=\"wpforms-field-container\"><div id=\"wpforms-377-field_1-container\" class=\"wpforms-field wpforms-field-text\" data-field-id=\"1\"><label class=\"wpforms-field-label\" for=\"wpforms-377-field_1\">Nom <\/label><input type=\"text\" id=\"wpforms-377-field_1\" class=\"wpforms-field-medium\" name=\"wpforms[fields][1]\" aria-errormessage=\"wpforms-377-field_1-error\" ><\/div><div id=\"wpforms-377-field_2-container\" class=\"wpforms-field wpforms-field-text\" data-field-id=\"2\"><label class=\"wpforms-field-label\" for=\"wpforms-377-field_2\">Pr\u00e9nom<\/label><input type=\"text\" id=\"wpforms-377-field_2\" class=\"wpforms-field-medium\" name=\"wpforms[fields][2]\" aria-errormessage=\"wpforms-377-field_2-error\" ><\/div><div id=\"wpforms-377-field_3-container\" class=\"wpforms-field wpforms-field-text\" data-field-id=\"3\"><label class=\"wpforms-field-label\" for=\"wpforms-377-field_3\">N\u00b0 de t\u00e9l\u00e9phone<\/label><input type=\"text\" id=\"wpforms-377-field_3\" class=\"wpforms-field-medium\" name=\"wpforms[fields][3]\" aria-errormessage=\"wpforms-377-field_3-error\" ><\/div><div id=\"wpforms-377-field_5-container\" class=\"wpforms-field wpforms-field-email\" data-field-id=\"5\"><label class=\"wpforms-field-label\" for=\"wpforms-377-field_5\">E-mail <span class=\"wpforms-required-label\" aria-hidden=\"true\">*<\/span><\/label><input type=\"email\" id=\"wpforms-377-field_5\" class=\"wpforms-field-medium wpforms-field-required\" name=\"wpforms[fields][5]\" spellcheck=\"false\" aria-errormessage=\"wpforms-377-field_5-error\" required><\/div>\t\t<div id=\"wpforms-377-field_4-container\"\n\t\t\tclass=\"wpforms-field wpforms-field-text\"\n\t\t\tdata-field-type=\"text\"\n\t\t\tdata-field-id=\"4\"\n\t\t\t>\n\t\t\t<label class=\"wpforms-field-label\" for=\"wpforms-377-field_4\" > ! Ecrivez-nous<\/label>\n\t\t\t<input type=\"text\" id=\"wpforms-377-field_4\" class=\"wpforms-field-medium\" name=\"wpforms[fields][4]\" >\n\t\t<\/div>\n\t\t<div id=\"wpforms-377-field_6-container\" class=\"wpforms-field wpforms-field-textarea\" data-field-id=\"6\"><label class=\"wpforms-field-label\" for=\"wpforms-377-field_6\">Ecrivez-nous !<\/label><textarea id=\"wpforms-377-field_6\" class=\"wpforms-field-medium\" name=\"wpforms[fields][6]\" aria-errormessage=\"wpforms-377-field_6-error\" ><\/textarea><\/div><script>\n\t\t\t\t( function() {\n\t\t\t\t\tconst style = document.createElement( 'style' );\n\t\t\t\t\tstyle.appendChild( document.createTextNode( '#wpforms-377-field_4-container { position: absolute !important; overflow: hidden !important; display: inline !important; height: 1px !important; width: 1px !important; z-index: -1000 !important; padding: 0 !important; } #wpforms-377-field_4-container input { visibility: hidden; } #wpforms-conversational-form-page #wpforms-377-field_4-container label { counter-increment: none; }' ) );\n\t\t\t\t\tdocument.head.appendChild( style );\n\t\t\t\t\tdocument.currentScript?.remove();\n\t\t\t\t} )();\n\t\t\t<\/script><\/div><!-- .wpforms-field-container --><div class=\"wpforms-submit-container\" ><input type=\"hidden\" name=\"wpforms[id]\" value=\"377\"><input type=\"hidden\" name=\"page_title\" value=\"\"><input type=\"hidden\" name=\"page_url\" value=\"http:\/\/usytkrb.cluster029.hosting.ovh.net\/index.php\/wp-json\/wp\/v2\/pages\/102\"><input type=\"hidden\" name=\"url_referer\" value=\"\"><button type=\"submit\" name=\"wpforms[submit]\" id=\"wpforms-submit-377\" class=\"wpforms-submit\" data-alt-text=\"Envoi...\" data-submit-text=\"Envoyer\" aria-live=\"assertive\" value=\"wpforms-submit\">Envoyer<\/button><img loading=\"lazy\" decoding=\"async\" src=\"http:\/\/usytkrb.cluster029.hosting.ovh.net\/wp-content\/plugins\/wpforms-lite\/assets\/images\/submit-spin.svg\" class=\"wpforms-submit-spinner\" style=\"display: none;\" width=\"26\" height=\"26\" alt=\"Loading\"><\/div><\/form><\/div>  <!-- .wpforms-container -->","protected":false},"excerpt":{"rendered":"<p>Les cours de yoga et la m\u00e9ditation sont assur\u00e9s par V\u00e9ronique VAUVRECY \u00e0 la salle de motricit\u00e9 de l&#8217;\u00e9cole maternelle FOCH &#8211; Rue du Marechal Foch \u00e0 Falaise (Quartier Guibray) et \u00e0 l&#8217;\u00e9cole Pauline Roland &#8211; Avenue de la crosse \u00e0 Falaise pour le cours du mercredi soir. HORAIRES DES COURS Yoga adultes : cours [&hellip;]<\/p>\n","protected":false},"author":1,"featured_media":262,"parent":0,"menu_order":0,"comment_status":"closed","ping_status":"closed","template":"","meta":{"footnotes":""},"class_list":["post-102","page","type-page","status-publish","has-post-thumbnail","hentry"],"_links":{"self":[{"href":"http:\/\/usytkrb.cluster029.hosting.ovh.net\/index.php\/wp-json\/wp\/v2\/pages\/102","targetHints":{"allow":["GET"]}}],"collection":[{"href":"http:\/\/usytkrb.cluster029.hosting.ovh.net\/index.php\/wp-json\/wp\/v2\/pages"}],"about":[{"href":"http:\/\/usytkrb.cluster029.hosting.ovh.net\/index.php\/wp-json\/wp\/v2\/types\/page"}],"author":[{"embeddable":true,"href":"http:\/\/usytkrb.cluster029.hosting.ovh.net\/index.php\/wp-json\/wp\/v2\/users\/1"}],"replies":[{"embeddable":true,"href":"http:\/\/usytkrb.cluster029.hosting.ovh.net\/index.php\/wp-json\/wp\/v2\/comments?post=102"}],"version-history":[{"count":47,"href":"http:\/\/usytkrb.cluster029.hosting.ovh.net\/index.php\/wp-json\/wp\/v2\/pages\/102\/revisions"}],"predecessor-version":[{"id":394,"href":"http:\/\/usytkrb.cluster029.hosting.ovh.net\/index.php\/wp-json\/wp\/v2\/pages\/102\/revisions\/394"}],"wp:featuredmedia":[{"embeddable":true,"href":"http:\/\/usytkrb.cluster029.hosting.ovh.net\/index.php\/wp-json\/wp\/v2\/media\/262"}],"wp:attachment":[{"href":"http:\/\/usytkrb.cluster029.hosting.ovh.net\/index.php\/wp-json\/wp\/v2\/media?parent=102"}],"curies":[{"name":"wp","href":"https:\/\/api.w.org\/{rel}","templated":true}]}}